{"id":1069,"date":"2021-06-03T10:49:27","date_gmt":"2021-06-03T17:49:27","guid":{"rendered":"https:\/\/timelesswisdomtraining.com\/?page_id=1069"},"modified":"2024-05-08T03:31:02","modified_gmt":"2024-05-08T10:31:02","slug":"anmeldung-bestatigt","status":"publish","type":"page","link":"https:\/\/timelesswisdomtraining.com\/de\/anmeldung-bestatigt\/","title":{"rendered":"Abmeldung Best\u00e4tigt"},"content":{"rendered":"\t\t<div data-elementor-type=\"wp-page\" data-elementor-id=\"1069\" class=\"elementor elementor-1069 elementor-1068\" data-elementor-post-type=\"page\">\n\t\t\t\t\t\t<section class=\"elementor-section elementor-top-section elementor-element elementor-element-8fd13ad elementor-section-boxed elementor-section-height-default elementor-section-height-default\" data-id=\"8fd13ad\" data-element_type=\"section\" data-e-type=\"section\" data-settings=\"{&quot;background_background&quot;:&quot;classic&quot;}\">\n\t\t\t\t\t\t\t<div class=\"elementor-background-overlay\"><\/div>\n\t\t\t\t\t\t\t<div class=\"elementor-container elementor-column-gap-default\">\n\t\t\t\t\t<div class=\"elementor-column elementor-col-100 elementor-top-column elementor-element elementor-element-c1a04fd\" data-id=\"c1a04fd\" data-element_type=\"column\" data-e-type=\"column\">\n\t\t\t<div class=\"elementor-widget-wrap elementor-element-populated\">\n\t\t\t\t\t\t<div class=\"elementor-element elementor-element-72e4ec7 elementor-widget elementor-widget-heading\" data-id=\"72e4ec7\" data-element_type=\"widget\" data-e-type=\"widget\" data-widget_type=\"heading.default\">\n\t\t\t\t<div class=\"elementor-widget-container\">\n\t\t\t\t\t<h2 class=\"elementor-heading-title elementor-size-default\">ABMELDUNG BEST\u00c4TIGT<\/h2>\t\t\t\t<\/div>\n\t\t\t\t<\/div>\n\t\t\t\t\t<\/div>\n\t\t<\/div>\n\t\t\t\t\t<\/div>\n\t\t<\/section>\n\t\t\t\t<section class=\"elementor-section elementor-top-section elementor-element elementor-element-a80439a elementor-section-boxed elementor-section-height-default elementor-section-height-default\" data-id=\"a80439a\" data-element_type=\"section\" data-e-type=\"section\" data-settings=\"{&quot;background_background&quot;:&quot;classic&quot;}\">\n\t\t\t\t\t\t<div class=\"elementor-container elementor-column-gap-default\">\n\t\t\t\t\t<div class=\"elementor-column elementor-col-100 elementor-top-column elementor-element elementor-element-45ea7f3\" data-id=\"45ea7f3\" data-element_type=\"column\" data-e-type=\"column\">\n\t\t\t<div class=\"elementor-widget-wrap elementor-element-populated\">\n\t\t\t\t\t\t<div class=\"elementor-element elementor-element-ae2e1db elementor-widget-tablet__width-initial max-width-widget elementor-widget elementor-widget-text-editor\" data-id=\"ae2e1db\" data-element_type=\"widget\" data-e-type=\"widget\" data-widget_type=\"text-editor.default\">\n\t\t\t\t<div class=\"elementor-widget-container\">\n\t\t\t\t\t\t\t\t\t<p>Du wirst keine E-Mails mehr \u00fcber das Timeless Wisdom Training Program erhalten.<\/p>\t\t\t\t\t\t\t\t<\/div>\n\t\t\t\t<\/div>\n\t\t\t\t<div class=\"elementor-element elementor-element-41d79d5 elementor-widget elementor-widget-text-editor\" data-id=\"41d79d5\" data-element_type=\"widget\" data-e-type=\"widget\" data-widget_type=\"text-editor.default\">\n\t\t\t\t<div class=\"elementor-widget-container\">\n\t\t\t\t\t\t\t\t\t<p style=\"text-align: center;\">Du wirst weiterhin andere E-Mails von Thomas H\u00fcbl erhalten.<\/p><p style=\"text-align: center;\">Sollte dies ein Fehler gewesen sein, melden <a href=\"https:\/\/timelesswisdomtraining.com\/de\/anmeldung-bestatigt\/\" target=\"_blank\" rel=\"noopener\">sich einschreiben hier erneut an<\/a>.<\/p>\t\t\t\t\t\t\t\t<\/div>\n\t\t\t\t<\/div>\n\t\t\t\t\t<\/div>\n\t\t<\/div>\n\t\t\t\t\t<\/div>\n\t\t<\/section>\n\t\t\t\t<\/div>\n\t\t","protected":false},"excerpt":{"rendered":"<p>ABMELDUNG BEST\u00c4TIGT Du wirst keine E-Mails mehr \u00fcber das Timeless Wisdom Training Program erhalten. Du wirst weiterhin andere E-Mails von Thomas H\u00fcbl erhalten. Sollte dies ein Fehler gewesen sein, melden sich einschreiben hier erneut an.<\/p>\n","protected":false},"author":5,"featured_media":1244,"parent":0,"menu_order":0,"comment_status":"closed","ping_status":"closed","template":"","meta":{"_acf_changed":false,"site-sidebar-layout":"no-sidebar","site-content-layout":"page-builder","ast-site-content-layout":"default","site-content-style":"default","site-sidebar-style":"default","ast-global-header-display":"","ast-banner-title-visibility":"","ast-main-header-display":"","ast-hfb-above-header-display":"","ast-hfb-below-header-display":"","ast-hfb-mobile-header-display":"","site-post-title":"disabled","ast-breadcrumbs-content":"","ast-featured-img":"disabled","footer-sml-layout":"","ast-disable-related-posts":"","theme-transparent-header-meta":"default","adv-header-id-meta":"","stick-header-meta":"","header-above-stick-meta":"","header-main-stick-meta":"","header-below-stick-meta":"","astra-migrate-meta-layouts":"default","ast-page-background-enabled":"default","ast-page-background-meta":{"desktop":{"background-color":"","background-image":"","background-repeat":"repeat","background-position":"center center","background-size":"auto","background-attachment":"scroll","background-type":"","background-media":"","overlay-type":"","overlay-color":"","overlay-opacity":"","overlay-gradient":""},"tablet":{"background-color":"","background-image":"","background-repeat":"repeat","background-position":"center center","background-size":"auto","background-attachment":"scroll","background-type":"","background-media":"","overlay-type":"","overlay-color":"","overlay-opacity":"","overlay-gradient":""},"mobile":{"background-color":"","background-image":"","background-repeat":"repeat","background-position":"center center","background-size":"auto","background-attachment":"scroll","background-type":"","background-media":"","overlay-type":"","overlay-color":"","overlay-opacity":"","overlay-gradient":""}},"ast-content-background-meta":{"desktop":{"background-color":"var(--ast-global-color-5)","background-image":"","background-repeat":"repeat","background-position":"center center","background-size":"auto","background-attachment":"scroll","background-type":"","background-media":"","overlay-type":"","overlay-color":"","overlay-opacity":"","overlay-gradient":""},"tablet":{"background-color":"var(--ast-global-color-5)","background-image":"","background-repeat":"repeat","background-position":"center center","background-size":"auto","background-attachment":"scroll","background-type":"","background-media":"","overlay-type":"","overlay-color":"","overlay-opacity":"","overlay-gradient":""},"mobile":{"background-color":"var(--ast-global-color-5)","background-image":"","background-repeat":"repeat","background-position":"center center","background-size":"auto","background-attachment":"scroll","background-type":"","background-media":"","overlay-type":"","overlay-color":"","overlay-opacity":"","overlay-gradient":""}},"footnotes":""},"class_list":["post-1069","page","type-page","status-publish","has-post-thumbnail","hentry"],"acf":[],"yoast_head":"<!-- This site is optimized with the Yoast SEO plugin v27.4 - https:\/\/yoast.com\/product\/yoast-seo-wordpress\/ -->\n<title>Abmeldung Best\u00e4tigt - Timeless Wisdom Training<\/title>\n<meta name=\"description\" content=\"Schlie\u00dfen Sie sich einer Gemeinschaft von engagierten Praktikern f\u00fcr ein einzigartiges zweij\u00e4hriges Programm mit Thomas H\u00fcbl an.\" \/>\n<meta name=\"robots\" content=\"index, follow, max-snippet:-1, max-image-preview:large, max-video-preview:-1\" \/>\n<link rel=\"canonical\" href=\"https:\/\/timelesswisdomtraining.com\/de\/anmeldung-bestatigt\/\" \/>\n<meta property=\"og:locale\" content=\"de_DE\" \/>\n<meta property=\"og:type\" content=\"article\" \/>\n<meta property=\"og:title\" content=\"Timeless Wisdom Training\" \/>\n<meta property=\"og:description\" content=\"Schlie\u00dfen Sie sich einer Gemeinschaft von engagierten Praktikern f\u00fcr ein einzigartiges zweij\u00e4hriges Programm mit Thomas H\u00fcbl an.\" \/>\n<meta property=\"og:url\" content=\"https:\/\/timelesswisdomtraining.com\/de\/anmeldung-bestatigt\/\" \/>\n<meta property=\"og:site_name\" content=\"Timeless Wisdom Training\" \/>\n<meta property=\"article:publisher\" content=\"https:\/\/www.facebook.com\/Thomas.Huebl.Sangha\/\" \/>\n<meta property=\"article:modified_time\" content=\"2024-05-08T10:31:02+00:00\" \/>\n<meta property=\"og:image\" content=\"https:\/\/timelesswisdomtraining.com\/wp-content\/uploads\/2021\/06\/TWT_FB_German.jpg\" \/>\n\t<meta property=\"og:image:width\" content=\"1200\" \/>\n\t<meta property=\"og:image:height\" content=\"630\" \/>\n\t<meta property=\"og:image:type\" content=\"image\/jpeg\" \/>\n<meta name=\"twitter:card\" content=\"summary_large_image\" \/>\n<meta name=\"twitter:title\" content=\"Timeless Wisdom Training\" \/>\n<meta name=\"twitter:description\" content=\"Schlie\u00dfen Sie sich einer Gemeinschaft von engagierten Praktikern f\u00fcr ein einzigartiges zweij\u00e4hriges Programm mit Thomas H\u00fcbl an.\" \/>\n<meta name=\"twitter:image\" content=\"https:\/\/timelesswisdomtraining.com\/wp-content\/uploads\/2021\/06\/Twitter-Image.jpg\" \/>\n<meta name=\"twitter:label1\" content=\"Gesch\u00e4tzte Lesezeit\" \/>\n\t<meta name=\"twitter:data1\" content=\"1 Minute\" \/>\n<script type=\"application\/ld+json\" class=\"yoast-schema-graph\">{\"@context\":\"https:\\\/\\\/schema.org\",\"@graph\":[{\"@type\":\"WebPage\",\"@id\":\"https:\\\/\\\/timelesswisdomtraining.com\\\/de\\\/anmeldung-bestatigt\\\/\",\"url\":\"https:\\\/\\\/timelesswisdomtraining.com\\\/de\\\/anmeldung-bestatigt\\\/\",\"name\":\"Abmeldung Best\u00e4tigt - Timeless Wisdom Training\",\"isPartOf\":{\"@id\":\"https:\\\/\\\/timelesswisdomtraining.com\\\/de\\\/#website\"},\"primaryImageOfPage\":{\"@id\":\"https:\\\/\\\/timelesswisdomtraining.com\\\/de\\\/anmeldung-bestatigt\\\/#primaryimage\"},\"image\":{\"@id\":\"https:\\\/\\\/timelesswisdomtraining.com\\\/de\\\/anmeldung-bestatigt\\\/#primaryimage\"},\"thumbnailUrl\":\"https:\\\/\\\/timelesswisdomtraining.com\\\/wp-content\\\/uploads\\\/2021\\\/06\\\/TWT_FB_German.jpg\",\"datePublished\":\"2021-06-03T17:49:27+00:00\",\"dateModified\":\"2024-05-08T10:31:02+00:00\",\"description\":\"Schlie\u00dfen Sie sich einer Gemeinschaft von engagierten Praktikern f\u00fcr ein einzigartiges zweij\u00e4hriges Programm mit Thomas H\u00fcbl an.\",\"breadcrumb\":{\"@id\":\"https:\\\/\\\/timelesswisdomtraining.com\\\/de\\\/anmeldung-bestatigt\\\/#breadcrumb\"},\"inLanguage\":\"de-DE\",\"potentialAction\":[{\"@type\":\"ReadAction\",\"target\":[\"https:\\\/\\\/timelesswisdomtraining.com\\\/de\\\/anmeldung-bestatigt\\\/\"]}]},{\"@type\":\"ImageObject\",\"inLanguage\":\"de-DE\",\"@id\":\"https:\\\/\\\/timelesswisdomtraining.com\\\/de\\\/anmeldung-bestatigt\\\/#primaryimage\",\"url\":\"https:\\\/\\\/timelesswisdomtraining.com\\\/wp-content\\\/uploads\\\/2021\\\/06\\\/TWT_FB_German.jpg\",\"contentUrl\":\"https:\\\/\\\/timelesswisdomtraining.com\\\/wp-content\\\/uploads\\\/2021\\\/06\\\/TWT_FB_German.jpg\",\"width\":1200,\"height\":630},{\"@type\":\"BreadcrumbList\",\"@id\":\"https:\\\/\\\/timelesswisdomtraining.com\\\/de\\\/anmeldung-bestatigt\\\/#breadcrumb\",\"itemListElement\":[{\"@type\":\"ListItem\",\"position\":1,\"name\":\"Home\",\"item\":\"https:\\\/\\\/timelesswisdomtraining.com\\\/de\\\/\"},{\"@type\":\"ListItem\",\"position\":2,\"name\":\"Abmeldung Best\u00e4tigt\"}]},{\"@type\":\"WebSite\",\"@id\":\"https:\\\/\\\/timelesswisdomtraining.com\\\/de\\\/#website\",\"url\":\"https:\\\/\\\/timelesswisdomtraining.com\\\/de\\\/\",\"name\":\"Timeless Wisdom Training\",\"description\":\"A 2-year Intensive Professional and Spiritual Training Program with Thomas H\u00fcbl\",\"potentialAction\":[{\"@type\":\"SearchAction\",\"target\":{\"@type\":\"EntryPoint\",\"urlTemplate\":\"https:\\\/\\\/timelesswisdomtraining.com\\\/de\\\/?s={search_term_string}\"},\"query-input\":{\"@type\":\"PropertyValueSpecification\",\"valueRequired\":true,\"valueName\":\"search_term_string\"}}],\"inLanguage\":\"de-DE\"}]}<\/script>\n<!-- \/ Yoast SEO plugin. -->","yoast_head_json":{"title":"Abmeldung Best\u00e4tigt - Timeless Wisdom Training","description":"Schlie\u00dfen Sie sich einer Gemeinschaft von engagierten Praktikern f\u00fcr ein einzigartiges zweij\u00e4hriges Programm mit Thomas H\u00fcbl an.","robots":{"index":"index","follow":"follow","max-snippet":"max-snippet:-1","max-image-preview":"max-image-preview:large","max-video-preview":"max-video-preview:-1"},"canonical":"https:\/\/timelesswisdomtraining.com\/de\/anmeldung-bestatigt\/","og_locale":"de_DE","og_type":"article","og_title":"Timeless Wisdom Training","og_description":"Schlie\u00dfen Sie sich einer Gemeinschaft von engagierten Praktikern f\u00fcr ein einzigartiges zweij\u00e4hriges Programm mit Thomas H\u00fcbl an.","og_url":"https:\/\/timelesswisdomtraining.com\/de\/anmeldung-bestatigt\/","og_site_name":"Timeless Wisdom Training","article_publisher":"https:\/\/www.facebook.com\/Thomas.Huebl.Sangha\/","article_modified_time":"2024-05-08T10:31:02+00:00","og_image":[{"width":1200,"height":630,"url":"https:\/\/timelesswisdomtraining.com\/wp-content\/uploads\/2021\/06\/TWT_FB_German.jpg","type":"image\/jpeg"}],"twitter_card":"summary_large_image","twitter_title":"Timeless Wisdom Training","twitter_description":"Schlie\u00dfen Sie sich einer Gemeinschaft von engagierten Praktikern f\u00fcr ein einzigartiges zweij\u00e4hriges Programm mit Thomas H\u00fcbl an.","twitter_image":"https:\/\/timelesswisdomtraining.com\/wp-content\/uploads\/2021\/06\/Twitter-Image.jpg","twitter_misc":{"Gesch\u00e4tzte Lesezeit":"1 Minute"},"schema":{"@context":"https:\/\/schema.org","@graph":[{"@type":"WebPage","@id":"https:\/\/timelesswisdomtraining.com\/de\/anmeldung-bestatigt\/","url":"https:\/\/timelesswisdomtraining.com\/de\/anmeldung-bestatigt\/","name":"Abmeldung Best\u00e4tigt - Timeless Wisdom Training","isPartOf":{"@id":"https:\/\/timelesswisdomtraining.com\/de\/#website"},"primaryImageOfPage":{"@id":"https:\/\/timelesswisdomtraining.com\/de\/anmeldung-bestatigt\/#primaryimage"},"image":{"@id":"https:\/\/timelesswisdomtraining.com\/de\/anmeldung-bestatigt\/#primaryimage"},"thumbnailUrl":"https:\/\/timelesswisdomtraining.com\/wp-content\/uploads\/2021\/06\/TWT_FB_German.jpg","datePublished":"2021-06-03T17:49:27+00:00","dateModified":"2024-05-08T10:31:02+00:00","description":"Schlie\u00dfen Sie sich einer Gemeinschaft von engagierten Praktikern f\u00fcr ein einzigartiges zweij\u00e4hriges Programm mit Thomas H\u00fcbl an.","breadcrumb":{"@id":"https:\/\/timelesswisdomtraining.com\/de\/anmeldung-bestatigt\/#breadcrumb"},"inLanguage":"de-DE","potentialAction":[{"@type":"ReadAction","target":["https:\/\/timelesswisdomtraining.com\/de\/anmeldung-bestatigt\/"]}]},{"@type":"ImageObject","inLanguage":"de-DE","@id":"https:\/\/timelesswisdomtraining.com\/de\/anmeldung-bestatigt\/#primaryimage","url":"https:\/\/timelesswisdomtraining.com\/wp-content\/uploads\/2021\/06\/TWT_FB_German.jpg","contentUrl":"https:\/\/timelesswisdomtraining.com\/wp-content\/uploads\/2021\/06\/TWT_FB_German.jpg","width":1200,"height":630},{"@type":"BreadcrumbList","@id":"https:\/\/timelesswisdomtraining.com\/de\/anmeldung-bestatigt\/#breadcrumb","itemListElement":[{"@type":"ListItem","position":1,"name":"Home","item":"https:\/\/timelesswisdomtraining.com\/de\/"},{"@type":"ListItem","position":2,"name":"Abmeldung Best\u00e4tigt"}]},{"@type":"WebSite","@id":"https:\/\/timelesswisdomtraining.com\/de\/#website","url":"https:\/\/timelesswisdomtraining.com\/de\/","name":"Timeless Wisdom Training","description":"A 2-year Intensive Professional and Spiritual Training Program with Thomas H\u00fcbl","potentialAction":[{"@type":"SearchAction","target":{"@type":"EntryPoint","urlTemplate":"https:\/\/timelesswisdomtraining.com\/de\/?s={search_term_string}"},"query-input":{"@type":"PropertyValueSpecification","valueRequired":true,"valueName":"search_term_string"}}],"inLanguage":"de-DE"}]}},"_links":{"self":[{"href":"https:\/\/timelesswisdomtraining.com\/de\/wp-json\/wp\/v2\/pages\/1069","targetHints":{"allow":["GET"]}}],"collection":[{"href":"https:\/\/timelesswisdomtraining.com\/de\/wp-json\/wp\/v2\/pages"}],"about":[{"href":"https:\/\/timelesswisdomtraining.com\/de\/wp-json\/wp\/v2\/types\/page"}],"author":[{"embeddable":true,"href":"https:\/\/timelesswisdomtraining.com\/de\/wp-json\/wp\/v2\/users\/5"}],"replies":[{"embeddable":true,"href":"https:\/\/timelesswisdomtraining.com\/de\/wp-json\/wp\/v2\/comments?post=1069"}],"version-history":[{"count":0,"href":"https:\/\/timelesswisdomtraining.com\/de\/wp-json\/wp\/v2\/pages\/1069\/revisions"}],"wp:featuredmedia":[{"embeddable":true,"href":"https:\/\/timelesswisdomtraining.com\/de\/wp-json\/wp\/v2\/media\/1244"}],"wp:attachment":[{"href":"https:\/\/timelesswisdomtraining.com\/de\/wp-json\/wp\/v2\/media?parent=1069"}],"curies":[{"name":"wp","href":"https:\/\/api.w.org\/{rel}","templated":true}]}}