{"id":1302,"date":"2021-06-19T12:08:00","date_gmt":"2021-06-19T19:08:00","guid":{"rendered":"https:\/\/timelesswisdomtraining.com\/?page_id=1302"},"modified":"2025-03-07T14:50:47","modified_gmt":"2025-03-07T21:50:47","slug":"solicitud-el-grupo-estadounidense","status":"publish","type":"page","link":"https:\/\/timelesswisdomtraining.com\/es\/solicitud-el-grupo-estadounidense\/","title":{"rendered":"Solicitud &#8211; EE.UU."},"content":{"rendered":"\t\t<div data-elementor-type=\"wp-page\" data-elementor-id=\"1302\" class=\"elementor elementor-1302 elementor-1260\" data-elementor-post-type=\"page\">\n\t\t\t\t\t\t<section class=\"elementor-section elementor-top-section elementor-element elementor-element-01b4f35 elementor-section-boxed elementor-section-height-default elementor-section-height-default\" data-id=\"01b4f35\" data-element_type=\"section\" data-e-type=\"section\" data-settings=\"{&quot;background_background&quot;:&quot;classic&quot;}\">\n\t\t\t\t\t\t\t<div class=\"elementor-background-overlay\"><\/div>\n\t\t\t\t\t\t\t<div class=\"elementor-container elementor-column-gap-default\">\n\t\t\t\t\t<div class=\"elementor-column elementor-col-100 elementor-top-column elementor-element elementor-element-a225917\" data-id=\"a225917\" data-element_type=\"column\" data-e-type=\"column\">\n\t\t\t<div class=\"elementor-widget-wrap elementor-element-populated\">\n\t\t\t\t\t\t<div class=\"elementor-element elementor-element-ee9a6bf elementor-widget elementor-widget-text-editor\" data-id=\"ee9a6bf\" data-element_type=\"widget\" data-e-type=\"widget\" data-widget_type=\"text-editor.default\">\n\t\t\t\t<div class=\"elementor-widget-container\">\n\t\t\t\t\t\t\t\t\t<p>Solicitud de<\/p>\t\t\t\t\t\t\t\t<\/div>\n\t\t\t\t<\/div>\n\t\t\t\t<div class=\"elementor-element elementor-element-a321605 elementor-widget elementor-widget-image\" data-id=\"a321605\" data-element_type=\"widget\" data-e-type=\"widget\" data-widget_type=\"image.default\">\n\t\t\t\t<div class=\"elementor-widget-container\">\n\t\t\t\t\t\t\t\t\t\t\t\t\t\t\t<img fetchpriority=\"high\" decoding=\"async\" width=\"512\" height=\"174\" src=\"https:\/\/timelesswisdomtraining.com\/wp-content\/uploads\/2024\/05\/twt24-logo-1-1-1.png\" class=\"attachment-large size-large wp-image-2334\" alt=\"\" srcset=\"https:\/\/timelesswisdomtraining.com\/wp-content\/uploads\/2024\/05\/twt24-logo-1-1-1.png 512w, https:\/\/timelesswisdomtraining.com\/wp-content\/uploads\/2024\/05\/twt24-logo-1-1-1-300x102.png 300w\" sizes=\"(max-width: 512px) 100vw, 512px\" \/>\t\t\t\t\t\t\t\t\t\t\t\t\t\t\t<\/div>\n\t\t\t\t<\/div>\n\t\t\t\t<div class=\"elementor-element elementor-element-e0cbec2 elementor-widget elementor-widget-text-editor\" data-id=\"e0cbec2\" data-element_type=\"widget\" data-e-type=\"widget\" data-widget_type=\"text-editor.default\">\n\t\t\t\t<div class=\"elementor-widget-container\">\n\t\t\t\t\t\t\t\t\t<p>2025 \u2013 2026<br \/><strong>El Hub Estadounidense<\/strong><\/p>\t\t\t\t\t\t\t\t<\/div>\n\t\t\t\t<\/div>\n\t\t\t\t\t<\/div>\n\t\t<\/div>\n\t\t\t\t\t<\/div>\n\t\t<\/section>\n\t\t\t\t<section class=\"elementor-section elementor-top-section elementor-element elementor-element-fd9e555 elementor-reverse-tablet elementor-reverse-mobile elementor-section-full_width elementor-hidden-desktop elementor-hidden-tablet elementor-hidden-mobile elementor-section-height-default elementor-section-height-default\" data-id=\"fd9e555\" data-element_type=\"section\" data-e-type=\"section\" data-settings=\"{&quot;background_background&quot;:&quot;classic&quot;}\">\n\t\t\t\t\t\t\t<div class=\"elementor-background-overlay\"><\/div>\n\t\t\t\t\t\t\t<div class=\"elementor-container elementor-column-gap-default\">\n\t\t\t\t\t<div class=\"elementor-column elementor-col-50 elementor-top-column elementor-element elementor-element-e43f57b full-width-left\" data-id=\"e43f57b\" data-element_type=\"column\" data-e-type=\"column\">\n\t\t\t<div class=\"elementor-widget-wrap elementor-element-populated\">\n\t\t\t\t\t\t<div class=\"elementor-element elementor-element-33330d1 max-width-widget elementor-widget-tablet__width-initial elementor-widget elementor-widget-text-editor\" data-id=\"33330d1\" data-element_type=\"widget\" data-e-type=\"widget\" data-widget_type=\"text-editor.default\">\n\t\t\t\t<div class=\"elementor-widget-container\">\n\t\t\t\t\t\t\t\t\t<p>Antes de inscribirte en el Timeless Wisdom Training, te pedimos que <a href=\"https:\/\/timelesswisdomtraining.com\/es\/intro-session\" target=\"_blank\" rel=\"noopener\">veas la sesi\u00f3n introductoria gratuita en l\u00ednea con Thomas<\/a>.<\/p><p><b>Para solicitar al Timeless Wisdom Training &#8211; El Hub Estadounidense:<\/b><\/p><ol><li><strong>Rellene y env\u00ede el formulario de aplicaci\u00f3n<\/strong> para contarnos un poco sobre su formaci\u00f3n e intereses.<\/li><li>A continuaci\u00f3n, se le pedir\u00e1 que <strong>presente un pago de procesamiento<\/strong> de 75 d\u00f3lares<\/li><li>Una vez recibida y revisada su solicitud, se le pedir\u00e1 que <strong>programe una entrevista<\/strong> con un miembro del equipo de asistentes de TWT.<\/li><\/ol><p>El proceso de solicitud y entrevista est\u00e1 dise\u00f1ado para aclarar si el programa es adecuado para el solicitante en este momento de su trayectoria vital. Dado el nivel de compromiso requerido, es importante que las circunstancias vitales del estudiante le permitan participar plenamente y beneficiarse del programa.<\/p><p>Timeless Wisdom Training no es adecuado para todo el mundo. El programa incluye la exploraci\u00f3n de respuestas y experiencias traum\u00e1ticas personales y colectivas, que pueden ser estresantes y desencadenar emociones fuertes. Antes de inscribirse, los solicitantes deben reconocer los riesgos de participar en un trabajo tan transformador y confirmar que est\u00e1n lo suficientemente sanos y estables para participar. Las ense\u00f1anzas y el apoyo de Thomas H\u00fcbl y de los mentores del programa no se ofrecen como sustitutos de la atenci\u00f3n m\u00e9dica o de salud mental profesional y no pretenden diagnosticar, tratar ni curar ning\u00fan trastorno m\u00e9dico o de salud mental.<\/p>\t\t\t\t\t\t\t\t<\/div>\n\t\t\t\t<\/div>\n\t\t\t\t\t<\/div>\n\t\t<\/div>\n\t\t\t\t<div class=\"elementor-column elementor-col-50 elementor-top-column elementor-element elementor-element-e01fef1 elementor-hidden-tablet elementor-hidden-phone\" data-id=\"e01fef1\" data-element_type=\"column\" data-e-type=\"column\" data-settings=\"{&quot;background_background&quot;:&quot;classic&quot;}\">\n\t\t\t<div class=\"elementor-widget-wrap elementor-element-populated\">\n\t\t\t\t\t\t<div class=\"elementor-element elementor-element-a8040cf elementor-widget elementor-widget-spacer\" data-id=\"a8040cf\" data-element_type=\"widget\" data-e-type=\"widget\" data-widget_type=\"spacer.default\">\n\t\t\t\t<div class=\"elementor-widget-container\">\n\t\t\t\t\t\t\t<div class=\"elementor-spacer\">\n\t\t\t<div class=\"elementor-spacer-inner\"><\/div>\n\t\t<\/div>\n\t\t\t\t\t\t<\/div>\n\t\t\t\t<\/div>\n\t\t\t\t\t<\/div>\n\t\t<\/div>\n\t\t\t\t\t<\/div>\n\t\t<\/section>\n\t\t\t\t<section class=\"elementor-section elementor-top-section elementor-element elementor-element-cbbf9df elementor-section-boxed elementor-section-height-default elementor-section-height-default\" data-id=\"cbbf9df\" data-element_type=\"section\" data-e-type=\"section\" data-settings=\"{&quot;background_background&quot;:&quot;classic&quot;}\">\n\t\t\t\t\t\t\t<div class=\"elementor-background-overlay\"><\/div>\n\t\t\t\t\t\t\t<div class=\"elementor-container elementor-column-gap-default\">\n\t\t\t\t\t<div class=\"elementor-column elementor-col-100 elementor-top-column elementor-element elementor-element-5190686\" data-id=\"5190686\" data-element_type=\"column\" data-e-type=\"column\">\n\t\t\t<div class=\"elementor-widget-wrap elementor-element-populated\">\n\t\t\t\t\t\t<div class=\"elementor-element elementor-element-336d515 max-width-widget elementor-widget-tablet__width-initial elementor-widget__width-initial elementor-widget elementor-widget-text-editor\" data-id=\"336d515\" data-element_type=\"widget\" data-e-type=\"widget\" data-widget_type=\"text-editor.default\">\n\t\t\t\t<div class=\"elementor-widget-container\">\n\t\t\t\t\t\t\t\t\t<p><b><strong>La inscripci\u00f3n para el programa est\u00e1 cerrada y ya no aceptamos solicitudes para el Hub de EE. UU.<\/strong><\/b><\/p>\t\t\t\t\t\t\t\t<\/div>\n\t\t\t\t<\/div>\n\t\t\t\t<div class=\"elementor-element elementor-element-0a3958d elementor-widget elementor-widget-image\" data-id=\"0a3958d\" data-element_type=\"widget\" data-e-type=\"widget\" data-widget_type=\"image.default\">\n\t\t\t\t<div class=\"elementor-widget-container\">\n\t\t\t\t\t\t\t\t\t\t\t\t\t\t\t<img decoding=\"async\" width=\"1000\" height=\"715\" src=\"https:\/\/timelesswisdomtraining.com\/wp-content\/uploads\/2024\/05\/twt24-app-about-1-min-1.jpg\" class=\"attachment-large size-large wp-image-2340\" alt=\"\" srcset=\"https:\/\/timelesswisdomtraining.com\/wp-content\/uploads\/2024\/05\/twt24-app-about-1-min-1.jpg 1000w, https:\/\/timelesswisdomtraining.com\/wp-content\/uploads\/2024\/05\/twt24-app-about-1-min-1-300x215.jpg 300w, https:\/\/timelesswisdomtraining.com\/wp-content\/uploads\/2024\/05\/twt24-app-about-1-min-1-768x549.jpg 768w\" sizes=\"(max-width: 1000px) 100vw, 1000px\" \/>\t\t\t\t\t\t\t\t\t\t\t\t\t\t\t<\/div>\n\t\t\t\t<\/div>\n\t\t\t\t\t<\/div>\n\t\t<\/div>\n\t\t\t\t\t<\/div>\n\t\t<\/section>\n\t\t\t\t<section class=\"elementor-section elementor-top-section elementor-element elementor-element-1ea4d361 elementor-hidden-desktop elementor-hidden-tablet elementor-hidden-mobile elementor-section-boxed elementor-section-height-default elementor-section-height-default\" data-id=\"1ea4d361\" data-element_type=\"section\" data-e-type=\"section\" data-settings=\"{&quot;background_background&quot;:&quot;classic&quot;}\">\n\t\t\t\t\t\t<div class=\"elementor-container elementor-column-gap-default\">\n\t\t\t\t\t<div class=\"elementor-column elementor-col-100 elementor-top-column elementor-element elementor-element-5e6c5a32\" data-id=\"5e6c5a32\" data-element_type=\"column\" data-e-type=\"column\">\n\t\t\t<div class=\"elementor-widget-wrap elementor-element-populated\">\n\t\t\t\t\t\t<div class=\"elementor-element elementor-element-2b66f4a elementor-widget elementor-widget-heading\" data-id=\"2b66f4a\" data-element_type=\"widget\" data-e-type=\"widget\" data-widget_type=\"heading.default\">\n\t\t\t\t<div class=\"elementor-widget-container\">\n\t\t\t\t\t<h2 class=\"elementor-heading-title elementor-size-default\">Paso 1:<\/h2>\t\t\t\t<\/div>\n\t\t\t\t<\/div>\n\t\t\t\t<div class=\"elementor-element elementor-element-29dea46 max-width-widget-tablet elementor-widget-mobile__width-inherit elementor-widget elementor-widget-heading\" data-id=\"29dea46\" data-element_type=\"widget\" data-e-type=\"widget\" data-widget_type=\"heading.default\">\n\t\t\t\t<div class=\"elementor-widget-container\">\n\t\t\t\t\t<h2 class=\"elementor-heading-title elementor-size-default\">Formulario de solicitud para El programa Timeless Wisdom Training \u2013 El Hub EE.UU.<\/h2>\t\t\t\t<\/div>\n\t\t\t\t<\/div>\n\t\t\t\t<div class=\"elementor-element elementor-element-ac9d30c elementor-widget elementor-widget-text-editor\" data-id=\"ac9d30c\" data-element_type=\"widget\" data-e-type=\"widget\" data-widget_type=\"text-editor.default\">\n\t\t\t\t<div class=\"elementor-widget-container\">\n\t\t\t\t\t\t\t\t\t<p style=\"text-align: left;\">Por favor, rellene y env\u00ede el siguiente formulario de solicitud para contarnos un poco sobre sus antecedentes e intereses. La solicitud deber\u00eda tomar unos 30 minutos.\u00a0Es preferible que las respuestas sean breves, de 1 a 2 p\u00e1rrafos.<\/p><p style=\"text-align: left;\">Responde a todas las preguntas obligatorias y env\u00eda el formulario completo. Si hay alg\u00fan dato personal que no deseas facilitar, escribe \u00abdeclino contestar\u00bb.<\/p><p style=\"text-align: left;\">Le recomendamos que escriba y guarde sus respuestas a las preguntas m\u00e1s detalladas en un documento separado y que luego las copie en el formulario de solicitud. De este modo, se asegurar\u00e1 de tener una copia de seguridad de sus respuestas en caso de que algo vaya mal con su conexi\u00f3n a Internet mientras rellena el formulario.<\/p><p><strong>Este es el formulario de solicitud para el grupo Estadounidense<br \/><a href=\"https:\/\/timelesswisdomtraining.com\/application-european-group\/\">Haga clic aqu\u00ed para solicitar el Hub Europeo (en ingl\u00e9s) &gt;<\/a><br \/><\/strong><em>(La traducci\u00f3n al espa\u00f1ol no est\u00e1 disponible en el Grupo Europeo)<\/em><i><\/i><\/p>\t\t\t\t\t\t\t\t<\/div>\n\t\t\t\t<\/div>\n\t\t\t\t<div class=\"elementor-element elementor-element-6167aeb elementor-hidden-desktop elementor-hidden-tablet elementor-hidden-mobile elementor-widget elementor-widget-text-editor\" data-id=\"6167aeb\" data-element_type=\"widget\" data-e-type=\"widget\" data-widget_type=\"text-editor.default\">\n\t\t\t\t<div class=\"elementor-widget-container\">\n\t\t\t\t\t\t\t\t\t<p style=\"text-align: left;\"><em><strong>Por favor, ten en cuenta:<\/strong> A fecha de 26 de octubre, se han recibido muchas solicitudes y el programa se est\u00e1 acercando a su capacidad. Todav\u00eda puedes solicitarlo, pero es posible que se te incluya en una lista de espera hasta que haya cancelaciones.<\/em><\/p>\n\t\t\t\t\t\t\t\t<\/div>\n\t\t\t\t<\/div>\n\t\t\t\t\t<\/div>\n\t\t<\/div>\n\t\t\t\t\t<\/div>\n\t\t<\/section>\n\t\t\t\t<\/div>\n\t\t","protected":false},"excerpt":{"rendered":"<p>Solicitud de 2025 \u2013 2026El Hub Estadounidense Antes de inscribirte en el Timeless Wisdom Training, te pedimos que veas la sesi\u00f3n introductoria gratuita en l\u00ednea con Thomas. Para solicitar al Timeless Wisdom Training &#8211; El Hub Estadounidense: Rellene y env\u00ede el formulario de aplicaci\u00f3n para contarnos un poco sobre su formaci\u00f3n e intereses. A continuaci\u00f3n, [&hellip;]<\/p>\n","protected":false},"author":5,"featured_media":1247,"parent":0,"menu_order":0,"comment_status":"closed","ping_status":"closed","template":"","meta":{"_acf_changed":false,"site-sidebar-layout":"no-sidebar","site-content-layout":"page-builder","ast-site-content-layout":"full-width-container","site-content-style":"unboxed","site-sidebar-style":"unboxed","ast-global-header-display":"","ast-banner-title-visibility":"","ast-main-header-display":"","ast-hfb-above-header-display":"","ast-hfb-below-header-display":"","ast-hfb-mobile-header-display":"","site-post-title":"disabled","ast-breadcrumbs-content":"","ast-featured-img":"disabled","footer-sml-layout":"","ast-disable-related-posts":"","theme-transparent-header-meta":"default","adv-header-id-meta":"","stick-header-meta":"","header-above-stick-meta":"","header-main-stick-meta":"","header-below-stick-meta":"","astra-migrate-meta-layouts":"default","ast-page-background-enabled":"default","ast-page-background-meta":{"desktop":{"background-color":"","background-image":"","background-repeat":"repeat","background-position":"center center","background-size":"auto","background-attachment":"scroll","background-type":"","background-media":"","overlay-type":"","overlay-color":"","overlay-opacity":"","overlay-gradient":""},"tablet":{"background-color":"","background-image":"","background-repeat":"repeat","background-position":"center center","background-size":"auto","background-attachment":"scroll","background-type":"","background-media":"","overlay-type":"","overlay-color":"","overlay-opacity":"","overlay-gradient":""},"mobile":{"background-color":"","background-image":"","background-repeat":"repeat","background-position":"center center","background-size":"auto","background-attachment":"scroll","background-type":"","background-media":"","overlay-type":"","overlay-color":"","overlay-opacity":"","overlay-gradient":""}},"ast-content-background-meta":{"desktop":{"background-color":"var(--ast-global-color-5)","background-image":"","background-repeat":"repeat","background-position":"center center","background-size":"auto","background-attachment":"scroll","background-type":"","background-media":"","overlay-type":"","overlay-color":"","overlay-opacity":"","overlay-gradient":""},"tablet":{"background-color":"var(--ast-global-color-5)","background-image":"","background-repeat":"repeat","background-position":"center center","background-size":"auto","background-attachment":"scroll","background-type":"","background-media":"","overlay-type":"","overlay-color":"","overlay-opacity":"","overlay-gradient":""},"mobile":{"background-color":"var(--ast-global-color-5)","background-image":"","background-repeat":"repeat","background-position":"center center","background-size":"auto","background-attachment":"scroll","background-type":"","background-media":"","overlay-type":"","overlay-color":"","overlay-opacity":"","overlay-gradient":""}},"footnotes":""},"class_list":["post-1302","page","type-page","status-publish","has-post-thumbnail","hentry"],"acf":[],"yoast_head":"<!-- This site is optimized with the Yoast SEO plugin v27.6 - https:\/\/yoast.com\/product\/yoast-seo-wordpress\/ -->\n<title>Solicitud - EE.UU. - Timeless Wisdom Training<\/title>\n<meta name=\"description\" content=\"Rellene y env\u00ede el formulario de aplicaci\u00f3n para contarnos un poco sobre su formaci\u00f3n e intereses.\" \/>\n<meta name=\"robots\" content=\"index, follow, max-snippet:-1, max-image-preview:large, max-video-preview:-1\" \/>\n<link rel=\"canonical\" href=\"https:\/\/timelesswisdomtraining.com\/es\/solicitud-el-grupo-estadounidense\/\" \/>\n<meta property=\"og:locale\" content=\"es_ES\" \/>\n<meta property=\"og:type\" content=\"article\" \/>\n<meta property=\"og:title\" content=\"Solicitud de Timeless Wisdom Training EE.UU.\" \/>\n<meta property=\"og:description\" content=\"Rellene y env\u00ede el formulario de aplicaci\u00f3n para contarnos un poco sobre su formaci\u00f3n e intereses.\" \/>\n<meta property=\"og:url\" content=\"https:\/\/timelesswisdomtraining.com\/es\/solicitud-el-grupo-estadounidense\/\" \/>\n<meta property=\"og:site_name\" content=\"Timeless Wisdom Training\" \/>\n<meta property=\"article:publisher\" content=\"https:\/\/www.facebook.com\/Thomas.Huebl.Sangha\/\" \/>\n<meta property=\"article:modified_time\" content=\"2025-03-07T21:50:47+00:00\" \/>\n<meta property=\"og:image\" content=\"https:\/\/timelesswisdomtraining.com\/wp-content\/uploads\/2021\/06\/TWT_2021_Site_Metadata_Spanish.jpg\" \/>\n\t<meta property=\"og:image:width\" content=\"1200\" \/>\n\t<meta property=\"og:image:height\" content=\"630\" \/>\n\t<meta property=\"og:image:type\" content=\"image\/jpeg\" \/>\n<meta name=\"twitter:card\" content=\"summary_large_image\" \/>\n<meta name=\"twitter:description\" content=\"Rellene y env\u00ede el formulario de aplicaci\u00f3n para contarnos un poco sobre su formaci\u00f3n e intereses.\" \/>\n<meta name=\"twitter:image\" content=\"https:\/\/timelesswisdomtraining.com\/wp-content\/uploads\/2021\/06\/Twitter-Image.jpg\" \/>\n<meta name=\"twitter:label1\" content=\"Tiempo de lectura\" \/>\n\t<meta name=\"twitter:data1\" content=\"8 minutos\" \/>\n<script type=\"application\/ld+json\" class=\"yoast-schema-graph\">{\"@context\":\"https:\\\/\\\/schema.org\",\"@graph\":[{\"@type\":\"WebPage\",\"@id\":\"https:\\\/\\\/timelesswisdomtraining.com\\\/es\\\/solicitud-el-grupo-estadounidense\\\/\",\"url\":\"https:\\\/\\\/timelesswisdomtraining.com\\\/es\\\/solicitud-el-grupo-estadounidense\\\/\",\"name\":\"Solicitud - EE.UU. - Timeless Wisdom Training\",\"isPartOf\":{\"@id\":\"https:\\\/\\\/timelesswisdomtraining.com\\\/es\\\/#website\"},\"primaryImageOfPage\":{\"@id\":\"https:\\\/\\\/timelesswisdomtraining.com\\\/es\\\/solicitud-el-grupo-estadounidense\\\/#primaryimage\"},\"image\":{\"@id\":\"https:\\\/\\\/timelesswisdomtraining.com\\\/es\\\/solicitud-el-grupo-estadounidense\\\/#primaryimage\"},\"thumbnailUrl\":\"https:\\\/\\\/timelesswisdomtraining.com\\\/wp-content\\\/uploads\\\/2021\\\/06\\\/TWT_2021_Site_Metadata_Spanish.jpg\",\"datePublished\":\"2021-06-19T19:08:00+00:00\",\"dateModified\":\"2025-03-07T21:50:47+00:00\",\"description\":\"Rellene y env\u00ede el formulario de aplicaci\u00f3n para contarnos un poco sobre su formaci\u00f3n e intereses.\",\"breadcrumb\":{\"@id\":\"https:\\\/\\\/timelesswisdomtraining.com\\\/es\\\/solicitud-el-grupo-estadounidense\\\/#breadcrumb\"},\"inLanguage\":\"es\",\"potentialAction\":[{\"@type\":\"ReadAction\",\"target\":[\"https:\\\/\\\/timelesswisdomtraining.com\\\/es\\\/solicitud-el-grupo-estadounidense\\\/\"]}]},{\"@type\":\"ImageObject\",\"inLanguage\":\"es\",\"@id\":\"https:\\\/\\\/timelesswisdomtraining.com\\\/es\\\/solicitud-el-grupo-estadounidense\\\/#primaryimage\",\"url\":\"https:\\\/\\\/timelesswisdomtraining.com\\\/wp-content\\\/uploads\\\/2021\\\/06\\\/TWT_2021_Site_Metadata_Spanish.jpg\",\"contentUrl\":\"https:\\\/\\\/timelesswisdomtraining.com\\\/wp-content\\\/uploads\\\/2021\\\/06\\\/TWT_2021_Site_Metadata_Spanish.jpg\",\"width\":1200,\"height\":630},{\"@type\":\"BreadcrumbList\",\"@id\":\"https:\\\/\\\/timelesswisdomtraining.com\\\/es\\\/solicitud-el-grupo-estadounidense\\\/#breadcrumb\",\"itemListElement\":[{\"@type\":\"ListItem\",\"position\":1,\"name\":\"Home\",\"item\":\"https:\\\/\\\/timelesswisdomtraining.com\\\/es\\\/\"},{\"@type\":\"ListItem\",\"position\":2,\"name\":\"Solicitud &#8211; EE.UU.\"}]},{\"@type\":\"WebSite\",\"@id\":\"https:\\\/\\\/timelesswisdomtraining.com\\\/es\\\/#website\",\"url\":\"https:\\\/\\\/timelesswisdomtraining.com\\\/es\\\/\",\"name\":\"Timeless Wisdom Training\",\"description\":\"A 2-year Intensive Professional and Spiritual Training Program with Thomas H\u00fcbl\",\"potentialAction\":[{\"@type\":\"SearchAction\",\"target\":{\"@type\":\"EntryPoint\",\"urlTemplate\":\"https:\\\/\\\/timelesswisdomtraining.com\\\/es\\\/?s={search_term_string}\"},\"query-input\":{\"@type\":\"PropertyValueSpecification\",\"valueRequired\":true,\"valueName\":\"search_term_string\"}}],\"inLanguage\":\"es\"}]}<\/script>\n<!-- \/ Yoast SEO plugin. -->","yoast_head_json":{"title":"Solicitud - EE.UU. - Timeless Wisdom Training","description":"Rellene y env\u00ede el formulario de aplicaci\u00f3n para contarnos un poco sobre su formaci\u00f3n e intereses.","robots":{"index":"index","follow":"follow","max-snippet":"max-snippet:-1","max-image-preview":"max-image-preview:large","max-video-preview":"max-video-preview:-1"},"canonical":"https:\/\/timelesswisdomtraining.com\/es\/solicitud-el-grupo-estadounidense\/","og_locale":"es_ES","og_type":"article","og_title":"Solicitud de Timeless Wisdom Training EE.UU.","og_description":"Rellene y env\u00ede el formulario de aplicaci\u00f3n para contarnos un poco sobre su formaci\u00f3n e intereses.","og_url":"https:\/\/timelesswisdomtraining.com\/es\/solicitud-el-grupo-estadounidense\/","og_site_name":"Timeless Wisdom Training","article_publisher":"https:\/\/www.facebook.com\/Thomas.Huebl.Sangha\/","article_modified_time":"2025-03-07T21:50:47+00:00","og_image":[{"width":1200,"height":630,"url":"https:\/\/timelesswisdomtraining.com\/wp-content\/uploads\/2021\/06\/TWT_2021_Site_Metadata_Spanish.jpg","type":"image\/jpeg"}],"twitter_card":"summary_large_image","twitter_description":"Rellene y env\u00ede el formulario de aplicaci\u00f3n para contarnos un poco sobre su formaci\u00f3n e intereses.","twitter_image":"https:\/\/timelesswisdomtraining.com\/wp-content\/uploads\/2021\/06\/Twitter-Image.jpg","twitter_misc":{"Tiempo de lectura":"8 minutos"},"schema":{"@context":"https:\/\/schema.org","@graph":[{"@type":"WebPage","@id":"https:\/\/timelesswisdomtraining.com\/es\/solicitud-el-grupo-estadounidense\/","url":"https:\/\/timelesswisdomtraining.com\/es\/solicitud-el-grupo-estadounidense\/","name":"Solicitud - EE.UU. - Timeless Wisdom Training","isPartOf":{"@id":"https:\/\/timelesswisdomtraining.com\/es\/#website"},"primaryImageOfPage":{"@id":"https:\/\/timelesswisdomtraining.com\/es\/solicitud-el-grupo-estadounidense\/#primaryimage"},"image":{"@id":"https:\/\/timelesswisdomtraining.com\/es\/solicitud-el-grupo-estadounidense\/#primaryimage"},"thumbnailUrl":"https:\/\/timelesswisdomtraining.com\/wp-content\/uploads\/2021\/06\/TWT_2021_Site_Metadata_Spanish.jpg","datePublished":"2021-06-19T19:08:00+00:00","dateModified":"2025-03-07T21:50:47+00:00","description":"Rellene y env\u00ede el formulario de aplicaci\u00f3n para contarnos un poco sobre su formaci\u00f3n e intereses.","breadcrumb":{"@id":"https:\/\/timelesswisdomtraining.com\/es\/solicitud-el-grupo-estadounidense\/#breadcrumb"},"inLanguage":"es","potentialAction":[{"@type":"ReadAction","target":["https:\/\/timelesswisdomtraining.com\/es\/solicitud-el-grupo-estadounidense\/"]}]},{"@type":"ImageObject","inLanguage":"es","@id":"https:\/\/timelesswisdomtraining.com\/es\/solicitud-el-grupo-estadounidense\/#primaryimage","url":"https:\/\/timelesswisdomtraining.com\/wp-content\/uploads\/2021\/06\/TWT_2021_Site_Metadata_Spanish.jpg","contentUrl":"https:\/\/timelesswisdomtraining.com\/wp-content\/uploads\/2021\/06\/TWT_2021_Site_Metadata_Spanish.jpg","width":1200,"height":630},{"@type":"BreadcrumbList","@id":"https:\/\/timelesswisdomtraining.com\/es\/solicitud-el-grupo-estadounidense\/#breadcrumb","itemListElement":[{"@type":"ListItem","position":1,"name":"Home","item":"https:\/\/timelesswisdomtraining.com\/es\/"},{"@type":"ListItem","position":2,"name":"Solicitud &#8211; EE.UU."}]},{"@type":"WebSite","@id":"https:\/\/timelesswisdomtraining.com\/es\/#website","url":"https:\/\/timelesswisdomtraining.com\/es\/","name":"Timeless Wisdom Training","description":"A 2-year Intensive Professional and Spiritual Training Program with Thomas H\u00fcbl","potentialAction":[{"@type":"SearchAction","target":{"@type":"EntryPoint","urlTemplate":"https:\/\/timelesswisdomtraining.com\/es\/?s={search_term_string}"},"query-input":{"@type":"PropertyValueSpecification","valueRequired":true,"valueName":"search_term_string"}}],"inLanguage":"es"}]}},"_links":{"self":[{"href":"https:\/\/timelesswisdomtraining.com\/es\/wp-json\/wp\/v2\/pages\/1302","targetHints":{"allow":["GET"]}}],"collection":[{"href":"https:\/\/timelesswisdomtraining.com\/es\/wp-json\/wp\/v2\/pages"}],"about":[{"href":"https:\/\/timelesswisdomtraining.com\/es\/wp-json\/wp\/v2\/types\/page"}],"author":[{"embeddable":true,"href":"https:\/\/timelesswisdomtraining.com\/es\/wp-json\/wp\/v2\/users\/5"}],"replies":[{"embeddable":true,"href":"https:\/\/timelesswisdomtraining.com\/es\/wp-json\/wp\/v2\/comments?post=1302"}],"version-history":[{"count":0,"href":"https:\/\/timelesswisdomtraining.com\/es\/wp-json\/wp\/v2\/pages\/1302\/revisions"}],"wp:featuredmedia":[{"embeddable":true,"href":"https:\/\/timelesswisdomtraining.com\/es\/wp-json\/wp\/v2\/media\/1247"}],"wp:attachment":[{"href":"https:\/\/timelesswisdomtraining.com\/es\/wp-json\/wp\/v2\/media?parent=1302"}],"curies":[{"name":"wp","href":"https:\/\/api.w.org\/{rel}","templated":true}]}}